{"id":25023,"date":"2023-03-13T14:16:44","date_gmt":"2023-03-13T21:16:44","guid":{"rendered":"https:\/\/worldofdentistry.org\/?page_id=25023"},"modified":"2025-05-12T07:56:32","modified_gmt":"2025-05-12T14:56:32","slug":"soluciones-dentales-avanzadas","status":"publish","type":"page","link":"https:\/\/worldofdentistry.org\/es\/soluciones-dentales-avanzadas\/","title":{"rendered":"Soluciones Dentales Avanzadas"},"content":{"rendered":"\t\t<div data-elementor-type=\"wp-page\" data-elementor-id=\"25023\" class=\"elementor elementor-25023 elementor-6138\" data-elementor-post-type=\"page\">\n\t\t\t\t<div class=\"elementor-element elementor-element-6f9a3f4 e-con-full e-flex e-con e-parent\" data-id=\"6f9a3f4\" data-element_type=\"container\" data-e-type=\"container\" data-settings=\"{&quot;background_background&quot;:&quot;classic&quot;}\">\n\t\t\t\t<div class=\"elementor-element elementor-element-639c980 elementor-widget elementor-widget-heading\" data-id=\"639c980\" data-element_type=\"widget\" data-e-type=\"widget\" data-widget_type=\"heading.default\">\n\t\t\t\t\t<h1 class=\"elementor-heading-title elementor-size-default\">Soluciones Dentales Avanzadas<\/h1>\t\t\t\t<\/div>\n\t\t\t\t<\/div>\n\t\t<div class=\"elementor-element elementor-element-02858fc e-flex e-con-boxed e-con e-parent\" data-id=\"02858fc\" data-element_type=\"container\" data-e-type=\"container\">\n\t\t\t\t\t<div class=\"e-con-inner\">\n\t\t\t\t<div class=\"elementor-element elementor-element-7f5dcd1 elementor-widget elementor-widget-heading\" data-id=\"7f5dcd1\" data-element_type=\"widget\" data-e-type=\"widget\" data-widget_type=\"heading.default\">\n\t\t\t\t\t<h2 class=\"elementor-heading-title elementor-size-default\">Lo que ofrecemos<\/h2>\t\t\t\t<\/div>\n\t\t<div class=\"elementor-element elementor-element-c74fc57 e-con-full e-flex e-con e-child\" data-id=\"c74fc57\" data-element_type=\"container\" data-e-type=\"container\">\n\t\t<div class=\"elementor-element elementor-element-069de17 e-con-full e-flex e-con e-child\" data-id=\"069de17\" data-element_type=\"container\" data-e-type=\"container\" data-settings=\"{&quot;background_background&quot;:&quot;classic&quot;}\">\n\t\t\t\t<div class=\"elementor-element elementor-element-8a21cc9 elementor-widget elementor-widget-image\" data-id=\"8a21cc9\" data-element_type=\"widget\" data-e-type=\"widget\" data-widget_type=\"image.default\">\n\t\t\t\t\t\t\t\t\t\t\t\t\t\t\t<img fetchpriority=\"high\" decoding=\"async\" width=\"1024\" height=\"682\" src=\"https:\/\/worldofdentistry.org\/wp-content\/uploads\/2025\/05\/dental-center-portrait-of-smiling-middle-eastern-dentist-doctor-posing-at-workplace-681a3aecec5c7-1-1024x682.webp\" class=\"attachment-large size-large wp-image-98992\" alt=\"\" srcset=\"https:\/\/worldofdentistry.org\/wp-content\/uploads\/2025\/05\/dental-center-portrait-of-smiling-middle-eastern-dentist-doctor-posing-at-workplace-681a3aecec5c7-1-1024x682.webp 1024w, https:\/\/worldofdentistry.org\/wp-content\/uploads\/2025\/05\/dental-center-portrait-of-smiling-middle-eastern-dentist-doctor-posing-at-workplace-681a3aecec5c7-1-300x200.webp 300w, https:\/\/worldofdentistry.org\/wp-content\/uploads\/2025\/05\/dental-center-portrait-of-smiling-middle-eastern-dentist-doctor-posing-at-workplace-681a3aecec5c7-1-768x512.webp 768w, https:\/\/worldofdentistry.org\/wp-content\/uploads\/2025\/05\/dental-center-portrait-of-smiling-middle-eastern-dentist-doctor-posing-at-workplace-681a3aecec5c7-1-1536x1024.webp 1536w, https:\/\/worldofdentistry.org\/wp-content\/uploads\/2025\/05\/dental-center-portrait-of-smiling-middle-eastern-dentist-doctor-posing-at-workplace-681a3aecec5c7-1-600x400.webp 600w, https:\/\/worldofdentistry.org\/wp-content\/uploads\/2025\/05\/dental-center-portrait-of-smiling-middle-eastern-dentist-doctor-posing-at-workplace-681a3aecec5c7-1-150x100.webp 150w, https:\/\/worldofdentistry.org\/wp-content\/uploads\/2025\/05\/dental-center-portrait-of-smiling-middle-eastern-dentist-doctor-posing-at-workplace-681a3aecec5c7-1.webp 2000w\" sizes=\"(max-width: 1024px) 100vw, 1024px\" title=\"\">\t\t\t\t\t\t\t\t\t\t\t\t\t\t\t<\/div>\n\t\t\t\t<div class=\"elementor-element elementor-element-efbbcac elementor-widget elementor-widget-heading\" data-id=\"efbbcac\" data-element_type=\"widget\" data-e-type=\"widget\" data-widget_type=\"heading.default\">\n\t\t\t\t\t<h3 class=\"elementor-heading-title elementor-size-default\"><a href=\"https:\/\/finddentist.worldofdentistry.org\/es\/\" target=\"_blank\">Buscar un dentista en el mundo (Turismo Dental)<\/a><\/h3>\t\t\t\t<\/div>\n\t\t\t\t<div class=\"elementor-element elementor-element-ea668d1 elementor-widget elementor-widget-text-editor\" data-id=\"ea668d1\" data-element_type=\"widget\" data-e-type=\"widget\" data-widget_type=\"text-editor.default\">\n\t\t\t\t\t\t\t\t\tExplore cl\u00ednicas dentales de confianza en todo el mundo y planifique su viaje dental con confianza. Compara tratamientos, opiniones y precios de distintos pa\u00edses.\t\t\t\t\t\t\t\t<\/div>\n\t\t\t\t<div class=\"elementor-element elementor-element-9f314f3 elementor-align-center elementor-widget elementor-widget-button\" data-id=\"9f314f3\" data-element_type=\"widget\" data-e-type=\"widget\" data-widget_type=\"button.default\">\n\t\t\t\t\t\t\t\t\t\t<a class=\"elementor-button elementor-button-link elementor-size-sm\" href=\"https:\/\/finddentist.worldofdentistry.org\/es\/\" target=\"_blank\">\n\t\t\t\t\t\t<span class=\"elementor-button-content-wrapper\">\n\t\t\t\t\t\t<span class=\"elementor-button-icon\">\n\t\t\t\t<i aria-hidden=\"true\" class=\" arrow_right\"><\/i>\t\t\t<\/span>\n\t\t\t\t\t\t\t\t\t<span class=\"elementor-button-text\">Leer m\u00e1s<\/span>\n\t\t\t\t\t<\/span>\n\t\t\t\t\t<\/a>\n\t\t\t\t\t\t\t\t<\/div>\n\t\t\t\t<\/div>\n\t\t<div class=\"elementor-element elementor-element-d7564b4 e-con-full e-flex e-con e-child\" data-id=\"d7564b4\" data-element_type=\"container\" data-e-type=\"container\" data-settings=\"{&quot;background_background&quot;:&quot;classic&quot;}\">\n\t\t\t\t<div class=\"elementor-element elementor-element-d9308d2 elementor-widget elementor-widget-image\" data-id=\"d9308d2\" data-element_type=\"widget\" data-e-type=\"widget\" data-widget_type=\"image.default\">\n\t\t\t\t\t\t\t\t\t\t\t\t\t\t\t<img decoding=\"async\" width=\"1024\" height=\"682\" src=\"https:\/\/worldofdentistry.org\/wp-content\/uploads\/2025\/05\/doctor-dentist-working-in-office-using-laptop-making-video-call-conference-1024x682-64dbaf4d11e17.webp\" class=\"attachment-large size-large wp-image-98994\" alt=\"\" srcset=\"https:\/\/worldofdentistry.org\/wp-content\/uploads\/2025\/05\/doctor-dentist-working-in-office-using-laptop-making-video-call-conference-1024x682-64dbaf4d11e17.webp 1024w, https:\/\/worldofdentistry.org\/wp-content\/uploads\/2025\/05\/doctor-dentist-working-in-office-using-laptop-making-video-call-conference-1024x682-64dbaf4d11e17-300x200.webp 300w, https:\/\/worldofdentistry.org\/wp-content\/uploads\/2025\/05\/doctor-dentist-working-in-office-using-laptop-making-video-call-conference-1024x682-64dbaf4d11e17-768x512.webp 768w, https:\/\/worldofdentistry.org\/wp-content\/uploads\/2025\/05\/doctor-dentist-working-in-office-using-laptop-making-video-call-conference-1024x682-64dbaf4d11e17-600x400.webp 600w, https:\/\/worldofdentistry.org\/wp-content\/uploads\/2025\/05\/doctor-dentist-working-in-office-using-laptop-making-video-call-conference-1024x682-64dbaf4d11e17-150x100.webp 150w\" sizes=\"(max-width: 1024px) 100vw, 1024px\" title=\"\">\t\t\t\t\t\t\t\t\t\t\t\t\t\t\t<\/div>\n\t\t\t\t<div class=\"elementor-element elementor-element-4608569 elementor-widget elementor-widget-heading\" data-id=\"4608569\" data-element_type=\"widget\" data-e-type=\"widget\" data-widget_type=\"heading.default\">\n\t\t\t\t\t<h3 class=\"elementor-heading-title elementor-size-default\"><a href=\"https:\/\/finddentist.worldofdentistry.org\/es\/\" target=\"_blank\">Consultas dentales en l\u00ednea<\/a><\/h3>\t\t\t\t<\/div>\n\t\t\t\t<div class=\"elementor-element elementor-element-4d91aba elementor-widget elementor-widget-text-editor\" data-id=\"4d91aba\" data-element_type=\"widget\" data-e-type=\"widget\" data-widget_type=\"text-editor.default\">\n\t\t\t\t\t\t\t\t\tObtenga asesoramiento dental experto desde la comodidad de su hogar. Reserva consultas virtuales con dentistas colegiados en cualquier momento y lugar.\t\t\t\t\t\t\t\t<\/div>\n\t\t\t\t<div class=\"elementor-element elementor-element-b2f45f7 elementor-align-center elementor-widget elementor-widget-button\" data-id=\"b2f45f7\" data-element_type=\"widget\" data-e-type=\"widget\" data-widget_type=\"button.default\">\n\t\t\t\t\t\t\t\t\t\t<a class=\"elementor-button elementor-button-link elementor-size-sm\" href=\"https:\/\/finddentist.worldofdentistry.org\/es\/\" target=\"_blank\">\n\t\t\t\t\t\t<span class=\"elementor-button-content-wrapper\">\n\t\t\t\t\t\t<span class=\"elementor-button-icon\">\n\t\t\t\t<i aria-hidden=\"true\" class=\" arrow_right\"><\/i>\t\t\t<\/span>\n\t\t\t\t\t\t\t\t\t<span class=\"elementor-button-text\">Leer m\u00e1s<\/span>\n\t\t\t\t\t<\/span>\n\t\t\t\t\t<\/a>\n\t\t\t\t\t\t\t\t<\/div>\n\t\t\t\t<\/div>\n\t\t<div class=\"elementor-element elementor-element-93928ad e-con-full e-flex e-con e-child\" data-id=\"93928ad\" data-element_type=\"container\" data-e-type=\"container\" data-settings=\"{&quot;background_background&quot;:&quot;classic&quot;}\">\n\t\t\t\t<div class=\"elementor-element elementor-element-80a67d4 elementor-widget elementor-widget-image\" data-id=\"80a67d4\" data-element_type=\"widget\" data-e-type=\"widget\" data-widget_type=\"image.default\">\n\t\t\t\t\t\t\t\t\t\t\t\t\t\t\t<img decoding=\"async\" width=\"1024\" height=\"682\" src=\"https:\/\/worldofdentistry.org\/wp-content\/uploads\/2025\/05\/stomatology-manikin-in-medical-academy-1024x682-64dbaf4e7d585.webp\" class=\"attachment-large size-large wp-image-98996\" alt=\"\" srcset=\"https:\/\/worldofdentistry.org\/wp-content\/uploads\/2025\/05\/stomatology-manikin-in-medical-academy-1024x682-64dbaf4e7d585.webp 1024w, https:\/\/worldofdentistry.org\/wp-content\/uploads\/2025\/05\/stomatology-manikin-in-medical-academy-1024x682-64dbaf4e7d585-300x200.webp 300w, https:\/\/worldofdentistry.org\/wp-content\/uploads\/2025\/05\/stomatology-manikin-in-medical-academy-1024x682-64dbaf4e7d585-768x512.webp 768w, https:\/\/worldofdentistry.org\/wp-content\/uploads\/2025\/05\/stomatology-manikin-in-medical-academy-1024x682-64dbaf4e7d585-600x400.webp 600w, https:\/\/worldofdentistry.org\/wp-content\/uploads\/2025\/05\/stomatology-manikin-in-medical-academy-1024x682-64dbaf4e7d585-150x100.webp 150w\" sizes=\"(max-width: 1024px) 100vw, 1024px\" title=\"\">\t\t\t\t\t\t\t\t\t\t\t\t\t\t\t<\/div>\n\t\t\t\t<div class=\"elementor-element elementor-element-27b9406 elementor-widget elementor-widget-heading\" data-id=\"27b9406\" data-element_type=\"widget\" data-e-type=\"widget\" data-widget_type=\"heading.default\">\n\t\t\t\t\t<h3 class=\"elementor-heading-title elementor-size-default\"><a href=\"https:\/\/findschools.worldofdentistry.org\/\" target=\"_blank\">Buscar una escuela<\/a><\/h3>\t\t\t\t<\/div>\n\t\t\t\t<div class=\"elementor-element elementor-element-74866ba elementor-widget elementor-widget-text-editor\" data-id=\"74866ba\" data-element_type=\"widget\" data-e-type=\"widget\" data-widget_type=\"text-editor.default\">\n\t\t\t\t\t\t\t\t\tDescubra las facultades de Odontolog\u00eda acreditadas en todo el mundo. Explora los programas, los detalles de admisi\u00f3n y comienza tu viaje en odontolog\u00eda hoy mismo.\t\t\t\t\t\t\t\t<\/div>\n\t\t\t\t<div class=\"elementor-element elementor-element-ff58675 elementor-align-center elementor-widget elementor-widget-button\" data-id=\"ff58675\" data-element_type=\"widget\" data-e-type=\"widget\" data-widget_type=\"button.default\">\n\t\t\t\t\t\t\t\t\t\t<a class=\"elementor-button elementor-button-link elementor-size-sm\" href=\"https:\/\/findschools.worldofdentistry.org\/\" target=\"_blank\">\n\t\t\t\t\t\t<span class=\"elementor-button-content-wrapper\">\n\t\t\t\t\t\t<span class=\"elementor-button-icon\">\n\t\t\t\t<i aria-hidden=\"true\" class=\" arrow_right\"><\/i>\t\t\t<\/span>\n\t\t\t\t\t\t\t\t\t<span class=\"elementor-button-text\">Leer m\u00e1s<\/span>\n\t\t\t\t\t<\/span>\n\t\t\t\t\t<\/a>\n\t\t\t\t\t\t\t\t<\/div>\n\t\t\t\t<\/div>\n\t\t<div class=\"elementor-element elementor-element-87c76e1 e-con-full e-flex e-con e-child\" data-id=\"87c76e1\" data-element_type=\"container\" data-e-type=\"container\" data-settings=\"{&quot;background_background&quot;:&quot;classic&quot;}\">\n\t\t\t\t<div class=\"elementor-element elementor-element-cd13516 elementor-widget elementor-widget-image\" data-id=\"cd13516\" data-element_type=\"widget\" data-e-type=\"widget\" data-widget_type=\"image.default\">\n\t\t\t\t\t\t\t\t\t\t\t\t\t\t\t<img loading=\"lazy\" decoding=\"async\" width=\"1024\" height=\"683\" src=\"https:\/\/worldofdentistry.org\/wp-content\/uploads\/2025\/05\/productos-higiene-bucodental-scaled-1-681a3f9317bd1-1-1024x683.webp\" class=\"attachment-large size-large wp-image-98998\" alt=\"\" srcset=\"https:\/\/worldofdentistry.org\/wp-content\/uploads\/2025\/05\/productos-higiene-bucodental-scaled-1-681a3f9317bd1-1-1024x683.webp 1024w, https:\/\/worldofdentistry.org\/wp-content\/uploads\/2025\/05\/productos-higiene-bucodental-scaled-1-681a3f9317bd1-1-300x200.webp 300w, https:\/\/worldofdentistry.org\/wp-content\/uploads\/2025\/05\/productos-higiene-bucodental-scaled-1-681a3f9317bd1-1-768x512.webp 768w, https:\/\/worldofdentistry.org\/wp-content\/uploads\/2025\/05\/productos-higiene-bucodental-scaled-1-681a3f9317bd1-1-1536x1024.webp 1536w, https:\/\/worldofdentistry.org\/wp-content\/uploads\/2025\/05\/productos-higiene-bucodental-scaled-1-681a3f9317bd1-1-2048x1366.webp 2048w, https:\/\/worldofdentistry.org\/wp-content\/uploads\/2025\/05\/productos-higiene-bucodental-scaled-1-681a3f9317bd1-1-600x400.webp 600w, https:\/\/worldofdentistry.org\/wp-content\/uploads\/2025\/05\/productos-higiene-bucodental-scaled-1-681a3f9317bd1-1-150x100.webp 150w\" sizes=\"(max-width: 1024px) 100vw, 1024px\" title=\"\">\t\t\t\t\t\t\t\t\t\t\t\t\t\t\t<\/div>\n\t\t\t\t<div class=\"elementor-element elementor-element-bc6579e elementor-widget elementor-widget-heading\" data-id=\"bc6579e\" data-element_type=\"widget\" data-e-type=\"widget\" data-widget_type=\"heading.default\">\n\t\t\t\t\t<h3 class=\"elementor-heading-title elementor-size-default\"><a href=\"https:\/\/worldofdentistry.org\/es\/productos-dentales\/\" target=\"_blank\">Productos dentales<\/a><\/h3>\t\t\t\t<\/div>\n\t\t\t\t<div class=\"elementor-element elementor-element-6ab9fc3 elementor-widget elementor-widget-text-editor\" data-id=\"6ab9fc3\" data-element_type=\"widget\" data-e-type=\"widget\" data-widget_type=\"text-editor.default\">\n\t\t\t\t\t\t\t\t\tCompra productos de cuidado dental recomendados para cada necesidad. Desde cepillos de dientes hasta kits de blanqueamiento, encuentra las mejores opciones para tu salud bucodental.\t\t\t\t\t\t\t\t<\/div>\n\t\t\t\t<div class=\"elementor-element elementor-element-774b754 elementor-align-center elementor-widget elementor-widget-button\" data-id=\"774b754\" data-element_type=\"widget\" data-e-type=\"widget\" data-widget_type=\"button.default\">\n\t\t\t\t\t\t\t\t\t\t<a class=\"elementor-button elementor-button-link elementor-size-sm\" href=\"https:\/\/worldofdentistry.org\/es\/productos-dentales\/\" target=\"_blank\">\n\t\t\t\t\t\t<span class=\"elementor-button-content-wrapper\">\n\t\t\t\t\t\t<span class=\"elementor-button-icon\">\n\t\t\t\t<i aria-hidden=\"true\" class=\" arrow_right\"><\/i>\t\t\t<\/span>\n\t\t\t\t\t\t\t\t\t<span class=\"elementor-button-text\">Leer m\u00e1s<\/span>\n\t\t\t\t\t<\/span>\n\t\t\t\t\t<\/a>\n\t\t\t\t\t\t\t\t<\/div>\n\t\t\t\t<\/div>\n\t\t<div class=\"elementor-element elementor-element-61903af e-con-full e-flex e-con e-child\" data-id=\"61903af\" data-element_type=\"container\" data-e-type=\"container\" data-settings=\"{&quot;background_background&quot;:&quot;classic&quot;}\">\n\t\t\t\t<div class=\"elementor-element elementor-element-5932569 elementor-widget elementor-widget-image\" data-id=\"5932569\" data-element_type=\"widget\" data-e-type=\"widget\" data-widget_type=\"image.default\">\n\t\t\t\t\t\t\t\t\t\t\t\t\t\t\t<img loading=\"lazy\" decoding=\"async\" width=\"1024\" height=\"682\" src=\"https:\/\/worldofdentistry.org\/wp-content\/uploads\/2025\/05\/smiling-young-woman-working-from-home-1-681a407a0e108-1-1024x682.webp\" class=\"attachment-large size-large wp-image-99000\" alt=\"\" srcset=\"https:\/\/worldofdentistry.org\/wp-content\/uploads\/2025\/05\/smiling-young-woman-working-from-home-1-681a407a0e108-1-1024x682.webp 1024w, https:\/\/worldofdentistry.org\/wp-content\/uploads\/2025\/05\/smiling-young-woman-working-from-home-1-681a407a0e108-1-300x200.webp 300w, https:\/\/worldofdentistry.org\/wp-content\/uploads\/2025\/05\/smiling-young-woman-working-from-home-1-681a407a0e108-1-768x512.webp 768w, https:\/\/worldofdentistry.org\/wp-content\/uploads\/2025\/05\/smiling-young-woman-working-from-home-1-681a407a0e108-1-1536x1024.webp 1536w, https:\/\/worldofdentistry.org\/wp-content\/uploads\/2025\/05\/smiling-young-woman-working-from-home-1-681a407a0e108-1-600x400.webp 600w, https:\/\/worldofdentistry.org\/wp-content\/uploads\/2025\/05\/smiling-young-woman-working-from-home-1-681a407a0e108-1-150x100.webp 150w, https:\/\/worldofdentistry.org\/wp-content\/uploads\/2025\/05\/smiling-young-woman-working-from-home-1-681a407a0e108-1.webp 2000w\" sizes=\"(max-width: 1024px) 100vw, 1024px\" title=\"\">\t\t\t\t\t\t\t\t\t\t\t\t\t\t\t<\/div>\n\t\t\t\t<div class=\"elementor-element elementor-element-d1989dd elementor-widget elementor-widget-heading\" data-id=\"d1989dd\" data-element_type=\"widget\" data-e-type=\"widget\" data-widget_type=\"heading.default\">\n\t\t\t\t\t<h3 class=\"elementor-heading-title elementor-size-default\"><a href=\"https:\/\/worldofdentistry.org\/es\/soluciones-dentales-avanzadas\/servicios-dentales-en-casa\/\" target=\"_blank\">Servicios dentales en casa<\/a><\/h3>\t\t\t\t<\/div>\n\t\t\t\t<div class=\"elementor-element elementor-element-82f3281 elementor-widget elementor-widget-text-editor\" data-id=\"82f3281\" data-element_type=\"widget\" data-e-type=\"widget\" data-widget_type=\"text-editor.default\">\n\t\t\t\t\t\t\t\t\tAprenda a cuidar sus dientes en casa con consejos y herramientas aprobados por expertos. Descubre rutinas, t\u00e9cnicas y productos para mantener una sonrisa sana entre las visitas al dentista.\t\t\t\t\t\t\t\t<\/div>\n\t\t\t\t<div class=\"elementor-element elementor-element-e865e77 elementor-align-center elementor-widget elementor-widget-button\" data-id=\"e865e77\" data-element_type=\"widget\" data-e-type=\"widget\" data-widget_type=\"button.default\">\n\t\t\t\t\t\t\t\t\t\t<a class=\"elementor-button elementor-button-link elementor-size-sm\" href=\"https:\/\/worldofdentistry.org\/es\/soluciones-dentales-avanzadas\/servicios-dentales-en-casa\/\" target=\"_blank\">\n\t\t\t\t\t\t<span class=\"elementor-button-content-wrapper\">\n\t\t\t\t\t\t<span class=\"elementor-button-icon\">\n\t\t\t\t<i aria-hidden=\"true\" class=\" arrow_right\"><\/i>\t\t\t<\/span>\n\t\t\t\t\t\t\t\t\t<span class=\"elementor-button-text\">Leer m\u00e1s<\/span>\n\t\t\t\t\t<\/span>\n\t\t\t\t\t<\/a>\n\t\t\t\t\t\t\t\t<\/div>\n\t\t\t\t<\/div>\n\t\t<div class=\"elementor-element elementor-element-63a51e1 e-con-full e-flex e-con e-child\" data-id=\"63a51e1\" data-element_type=\"container\" data-e-type=\"container\" data-settings=\"{&quot;background_background&quot;:&quot;classic&quot;}\">\n\t\t\t\t<div class=\"elementor-element elementor-element-2f04674 elementor-widget elementor-widget-image\" data-id=\"2f04674\" data-element_type=\"widget\" data-e-type=\"widget\" data-widget_type=\"image.default\">\n\t\t\t\t\t\t\t\t\t\t\t\t\t\t\t<img loading=\"lazy\" decoding=\"async\" width=\"1024\" height=\"684\" src=\"https:\/\/worldofdentistry.org\/wp-content\/uploads\/2025\/05\/doctor-with-medic-insurance-document-681a40ce43bdd-1-1024x684.webp\" class=\"attachment-large size-large wp-image-99002\" alt=\"\" srcset=\"https:\/\/worldofdentistry.org\/wp-content\/uploads\/2025\/05\/doctor-with-medic-insurance-document-681a40ce43bdd-1-1024x684.webp 1024w, https:\/\/worldofdentistry.org\/wp-content\/uploads\/2025\/05\/doctor-with-medic-insurance-document-681a40ce43bdd-1-300x200.webp 300w, https:\/\/worldofdentistry.org\/wp-content\/uploads\/2025\/05\/doctor-with-medic-insurance-document-681a40ce43bdd-1-768x513.webp 768w, https:\/\/worldofdentistry.org\/wp-content\/uploads\/2025\/05\/doctor-with-medic-insurance-document-681a40ce43bdd-1-1536x1025.webp 1536w, https:\/\/worldofdentistry.org\/wp-content\/uploads\/2025\/05\/doctor-with-medic-insurance-document-681a40ce43bdd-1-600x401.webp 600w, https:\/\/worldofdentistry.org\/wp-content\/uploads\/2025\/05\/doctor-with-medic-insurance-document-681a40ce43bdd-1-150x100.webp 150w, https:\/\/worldofdentistry.org\/wp-content\/uploads\/2025\/05\/doctor-with-medic-insurance-document-681a40ce43bdd-1.webp 2000w\" sizes=\"(max-width: 1024px) 100vw, 1024px\" title=\"\">\t\t\t\t\t\t\t\t\t\t\t\t\t\t\t<\/div>\n\t\t\t\t<div class=\"elementor-element elementor-element-4211ac1 elementor-widget elementor-widget-heading\" data-id=\"4211ac1\" data-element_type=\"widget\" data-e-type=\"widget\" data-widget_type=\"heading.default\">\n\t\t\t\t\t<h3 class=\"elementor-heading-title elementor-size-default\"><a href=\"https:\/\/worldofdentistry.org\/es\/seguro-dental-membresia-dental\/\" target=\"_blank\">Seguro dental\/planes de afiliaci\u00f3n<\/a><\/h3>\t\t\t\t<\/div>\n\t\t\t\t<div class=\"elementor-element elementor-element-fd83532 elementor-widget elementor-widget-text-editor\" data-id=\"fd83532\" data-element_type=\"widget\" data-e-type=\"widget\" data-widget_type=\"text-editor.default\">\n\t\t\t\t\t\t\t\t\tCompare seguros dentales y planes de afiliaci\u00f3n que se adapten a sus necesidades. Obt\u00e9n cobertura para tratamientos y ahorra en tu pr\u00f3xima visita al dentista.\t\t\t\t\t\t\t\t<\/div>\n\t\t\t\t<div class=\"elementor-element elementor-element-5e1065c elementor-align-center elementor-widget elementor-widget-button\" data-id=\"5e1065c\" data-element_type=\"widget\" data-e-type=\"widget\" data-widget_type=\"button.default\">\n\t\t\t\t\t\t\t\t\t\t<a class=\"elementor-button elementor-button-link elementor-size-sm\" href=\"https:\/\/worldofdentistry.org\/es\/seguro-dental-membresia-dental\/\" target=\"_blank\">\n\t\t\t\t\t\t<span class=\"elementor-button-content-wrapper\">\n\t\t\t\t\t\t<span class=\"elementor-button-icon\">\n\t\t\t\t<i aria-hidden=\"true\" class=\" arrow_right\"><\/i>\t\t\t<\/span>\n\t\t\t\t\t\t\t\t\t<span class=\"elementor-button-text\">Leer m\u00e1s<\/span>\n\t\t\t\t\t<\/span>\n\t\t\t\t\t<\/a>\n\t\t\t\t\t\t\t\t<\/div>\n\t\t\t\t<\/div>\n\t\t\t\t<\/div>\n\t\t\t\t\t<\/div>\n\t\t\t\t<\/div>\n\t\t\t\t<\/div>\n\t\t","protected":false},"excerpt":{"rendered":"<p>Soluciones Dentales Avanzadas Lo que ofrecemos Buscar un dentista en el mundo (Turismo Dental) Explore cl\u00ednicas dentales de confianza en [&hellip;]<\/p>\n","protected":false},"author":14,"featured_media":0,"parent":0,"menu_order":0,"comment_status":"closed","ping_status":"closed","template":"elementor_header_footer","meta":{"site-sidebar-layout":"default","site-content-layout":"","ast-site-content-layout":"default","site-content-style":"default","site-sidebar-style":"default","ast-global-header-display":"","ast-banner-title-visibility":"","ast-main-header-display":"","ast-hfb-above-header-display":"","ast-hfb-below-header-display":"","ast-hfb-mobile-header-display":"","site-post-title":"","ast-breadcrumbs-content":"","ast-featured-img":"","footer-sml-layout":"","ast-disable-related-posts":"","theme-transparent-header-meta":"","adv-header-id-meta":"","stick-header-meta":"","header-above-stick-meta":"","header-main-stick-meta":"","header-below-stick-meta":"","astra-migrate-meta-layouts":"set","ast-page-background-enabled":"default","ast-page-background-meta":{"desktop":{"background-color":"var(--ast-global-color-4)","background-image":"","background-repeat":"repeat","background-position":"center center","background-size":"auto","background-attachment":"scroll","background-type":"","background-media":"","overlay-type":"","overlay-color":"","overlay-opacity":"","overlay-gradient":""},"tablet":{"background-color":"","background-image":"","background-repeat":"repeat","background-position":"center center","background-size":"auto","background-attachment":"scroll","background-type":"","background-media":"","overlay-type":"","overlay-color":"","overlay-opacity":"","overlay-gradient":""},"mobile":{"background-color":"","background-image":"","background-repeat":"repeat","background-position":"center center","background-size":"auto","background-attachment":"scroll","background-type":"","background-media":"","overlay-type":"","overlay-color":"","overlay-opacity":"","overlay-gradient":""}},"ast-content-background-meta":{"desktop":{"background-color":"var(--ast-global-color-5)","background-image":"","background-repeat":"repeat","background-position":"center center","background-size":"auto","background-attachment":"scroll","background-type":"","background-media":"","overlay-type":"","overlay-color":"","overlay-opacity":"","overlay-gradient":""},"tablet":{"background-color":"var(--ast-global-color-5)","background-image":"","background-repeat":"repeat","background-position":"center center","background-size":"auto","background-attachment":"scroll","background-type":"","background-media":"","overlay-type":"","overlay-color":"","overlay-opacity":"","overlay-gradient":""},"mobile":{"background-color":"var(--ast-global-color-5)","background-image":"","background-repeat":"repeat","background-position":"center center","background-size":"auto","background-attachment":"scroll","background-type":"","background-media":"","overlay-type":"","overlay-color":"","overlay-opacity":"","overlay-gradient":""}},"footnotes":""},"class_list":["post-25023","page","type-page","status-publish","hentry"],"_links":{"self":[{"href":"https:\/\/worldofdentistry.org\/es\/wp-json\/wp\/v2\/pages\/25023","targetHints":{"allow":["GET"]}}],"collection":[{"href":"https:\/\/worldofdentistry.org\/es\/wp-json\/wp\/v2\/pages"}],"about":[{"href":"https:\/\/worldofdentistry.org\/es\/wp-json\/wp\/v2\/types\/page"}],"author":[{"embeddable":true,"href":"https:\/\/worldofdentistry.org\/es\/wp-json\/wp\/v2\/users\/14"}],"replies":[{"embeddable":true,"href":"https:\/\/worldofdentistry.org\/es\/wp-json\/wp\/v2\/comments?post=25023"}],"version-history":[{"count":0,"href":"https:\/\/worldofdentistry.org\/es\/wp-json\/wp\/v2\/pages\/25023\/revisions"}],"wp:attachment":[{"href":"https:\/\/worldofdentistry.org\/es\/wp-json\/wp\/v2\/media?parent=25023"}],"curies":[{"name":"wp","href":"https:\/\/api.w.org\/{rel}","templated":true}]}}